{"id":140,"date":"2023-12-10T20:07:09","date_gmt":"2023-12-10T19:07:09","guid":{"rendered":"https:\/\/xn--hftgold-n2a.at\/?page_id=140"},"modified":"2025-05-11T19:55:58","modified_gmt":"2025-05-11T17:55:58","slug":"impressum","status":"publish","type":"page","link":"https:\/\/xn--hftgold-n2a.at\/en\/impressum\/","title":{"rendered":"Imprint"},"content":{"rendered":"<div class=\"fusion-fullwidth fullwidth-box fusion-builder-row-1 fusion-flex-container has-pattern-background has-mask-background nonhundred-percent-fullwidth non-hundred-percent-height-scrolling\" style=\"--awb-border-radius-top-left:0px;--awb-border-radius-top-right:0px;--awb-border-radius-bottom-right:0px;--awb-border-radius-bottom-left:0px;--awb-flex-wrap:wrap;\" ><div class=\"fusion-builder-row fusion-row fusion-flex-align-items-flex-start fusion-flex-content-wrap\" style=\"max-width:1248px;margin-left: calc(-4% \/ 2 );margin-right: calc(-4% \/ 2 );\"><div class=\"fusion-layout-column fusion_builder_column fusion-builder-column-0 fusion_builder_column_1_1 1_1 fusion-flex-column\" style=\"--awb-bg-size:cover;--awb-width-large:100%;--awb-margin-top-large:0px;--awb-spacing-right-large:1.92%;--awb-margin-bottom-large:20px;--awb-spacing-left-large:1.92%;--awb-width-medium:100%;--awb-order-medium:0;--awb-spacing-right-medium:1.92%;--awb-spacing-left-medium:1.92%;--awb-width-small:100%;--awb-order-small:0;--awb-spacing-right-small:1.92%;--awb-spacing-left-small:1.92%;\"><div class=\"fusion-column-wrapper fusion-column-has-shadow fusion-flex-justify-content-flex-start fusion-content-layout-column\"><div class=\"fusion-title title fusion-title-1 fusion-sep-none fusion-title-text fusion-title-size-three\"><h3 class=\"fusion-title-heading title-heading-left\" style=\"margin:0;\">Imprint<\/h3><\/div><div class=\"fusion-separator fusion-full-width-sep\" style=\"align-self: center;margin-left: auto;margin-right: auto;width:100%;\"><div class=\"fusion-separator-border sep-single sep-solid\" style=\"--awb-height:20px;--awb-amount:20px;border-color:var(--awb-color3);border-top-width:1px;\"><\/div><\/div><div class=\"fusion-text fusion-text-1\" style=\"--awb-margin-top:10px;\"><p><strong>Cafe H\u00fcftgold<\/strong><br \/>GISA Nummer: 36633395<br \/><span style=\"background-color: rgba(0, 0, 0, 0);\">Beh\u00f6rde: BH Graz-Umgebung<br \/>Gewerbeart: Gastgewerbe in der Betriebsart Caf\u00e9<\/span><\/p>\n<p>Telefon: +43 316784124<br \/>E-Mail: office@h\u00fcftgold.at<\/p>\n<\/div><div class=\"fusion-separator fusion-full-width-sep\" style=\"align-self: center;margin-left: auto;margin-right: auto;width:100%;\"><div class=\"fusion-separator-border sep-single sep-solid\" style=\"--awb-height:20px;--awb-amount:20px;border-color:var(--awb-color3);border-top-width:1px;\"><\/div><\/div><div class=\"fusion-title title fusion-title-2 fusion-sep-none fusion-title-text fusion-title-size-five\"><h5 class=\"fusion-title-heading title-heading-left\" style=\"margin:0;\">Haftungshinweis<\/h5><\/div><div class=\"fusion-text fusion-text-2\"><p>Trotz sorgf\u00e4ltiger inhaltlicher Kontrolle \u00fcbernehmen wir keine Haftung f\u00fcr die Inhalte externer Links. F\u00fcr den Inhalt der verlinkten Seiten sind ausschlie\u00dflich deren Betreiber verantwortlich.<br \/>Die verlinkten Seiten wurden zum Zeitpunkt der Verlinkung \u00fcberpr\u00fcft und wiesen keine Illegalen Inhalte auf. Eine st\u00e4ndige Kontrolle der Inhalte verlinkter Seiten ist, ohne Beweise auf illegale Inhalte, umbegr\u00fcndbar.<\/p>\n<\/div><div class=\"fusion-separator fusion-full-width-sep\" style=\"align-self: center;margin-left: auto;margin-right: auto;width:100%;\"><div class=\"fusion-separator-border sep-single sep-solid\" style=\"--awb-height:20px;--awb-amount:20px;border-color:var(--awb-color3);border-top-width:1px;\"><\/div><\/div><div class=\"fusion-title title fusion-title-3 fusion-sep-none fusion-title-text fusion-title-size-five\"><h5 class=\"fusion-title-heading title-heading-left\" style=\"margin:0;\">Copyright<\/h5><\/div><div class=\"fusion-text fusion-text-3\"><p>Die Inhalte der Seite unterliegen dem Europ\u00e4ischem Copyright Gesetz. Das Kopieren, verbreiten, oder vervielfachen der Inhalte ist ohne Erlaubnis des Seiteninhabers strengstens verboten.<\/p>\n<\/div><div class=\"fusion-text fusion-text-4\"><p>Diese Website wurde entwickelt von der <a href=\"https:\/\/windisch-it.at\"><strong><u>Windisch IT-Solutions e.U.<\/u><\/strong><\/a><\/p>\n<\/div><div class=\"fusion-separator fusion-full-width-sep\" style=\"align-self: center;margin-left: auto;margin-right: auto;width:100%;\"><div class=\"fusion-separator-border sep-single sep-solid\" style=\"--awb-height:20px;--awb-amount:20px;border-color:var(--awb-color3);border-top-width:1px;\"><\/div><\/div><div class=\"fusion-title title fusion-title-4 fusion-sep-none fusion-title-text fusion-title-size-five\"><h5 class=\"fusion-title-heading title-heading-left\" style=\"margin:0;\">Bildquellen<\/h5><\/div><div class=\"fusion-text fusion-text-5\"><ul>\n<li>Isabella Windisch<\/li>\n<li>Kostenfreie Stock-Bilder von Pixabay<\/li>\n<\/ul>\n<p>&nbsp;<\/p>\n<\/div><\/div><\/div><\/div><\/div>","protected":false},"excerpt":{"rendered":"","protected":false},"author":1,"featured_media":0,"parent":0,"menu_order":0,"comment_status":"closed","ping_status":"closed","template":"100-width.php","meta":{"_monsterinsights_skip_tracking":false,"_monsterinsights_sitenote_active":false,"_monsterinsights_sitenote_note":"","_monsterinsights_sitenote_category":0,"footnotes":""},"class_list":["post-140","page","type-page","status-publish","hentry"],"aioseo_notices":[],"_links":{"self":[{"href":"https:\/\/xn--hftgold-n2a.at\/en\/wp-json\/wp\/v2\/pages\/140","targetHints":{"allow":["GET"]}}],"collection":[{"href":"https:\/\/xn--hftgold-n2a.at\/en\/wp-json\/wp\/v2\/pages"}],"about":[{"href":"https:\/\/xn--hftgold-n2a.at\/en\/wp-json\/wp\/v2\/types\/page"}],"author":[{"embeddable":true,"href":"https:\/\/xn--hftgold-n2a.at\/en\/wp-json\/wp\/v2\/users\/1"}],"replies":[{"embeddable":true,"href":"https:\/\/xn--hftgold-n2a.at\/en\/wp-json\/wp\/v2\/comments?post=140"}],"version-history":[{"count":6,"href":"https:\/\/xn--hftgold-n2a.at\/en\/wp-json\/wp\/v2\/pages\/140\/revisions"}],"predecessor-version":[{"id":434,"href":"https:\/\/xn--hftgold-n2a.at\/en\/wp-json\/wp\/v2\/pages\/140\/revisions\/434"}],"wp:attachment":[{"href":"https:\/\/xn--hftgold-n2a.at\/en\/wp-json\/wp\/v2\/media?parent=140"}],"curies":[{"name":"wp","href":"https:\/\/api.w.org\/{rel}","templated":true}]}}