{"id":144,"date":"2023-12-10T20:09:12","date_gmt":"2023-12-10T19:09:12","guid":{"rendered":"https:\/\/xn--hftgold-n2a.at\/?page_id=144"},"modified":"2024-02-22T13:39:12","modified_gmt":"2024-02-22T12:39:12","slug":"privacypolicy","status":"publish","type":"page","link":"https:\/\/xn--hftgold-n2a.at\/en\/privacypolicy\/","title":{"rendered":"Privacy Policy"},"content":{"rendered":"<div class=\"fusion-fullwidth fullwidth-box fusion-builder-row-1 fusion-flex-container has-pattern-background has-mask-background nonhundred-percent-fullwidth non-hundred-percent-height-scrolling\" style=\"--awb-border-radius-top-left:0px;--awb-border-radius-top-right:0px;--awb-border-radius-bottom-right:0px;--awb-border-radius-bottom-left:0px;--awb-flex-wrap:wrap;\" ><div class=\"fusion-builder-row fusion-row fusion-flex-align-items-flex-start fusion-flex-content-wrap\" style=\"max-width:1248px;margin-left: calc(-4% \/ 2 );margin-right: calc(-4% \/ 2 );\"><div class=\"fusion-layout-column fusion_builder_column fusion-builder-column-0 fusion_builder_column_1_1 1_1 fusion-flex-column\" style=\"--awb-bg-size:cover;--awb-width-large:100%;--awb-margin-top-large:0px;--awb-spacing-right-large:1.92%;--awb-margin-bottom-large:20px;--awb-spacing-left-large:1.92%;--awb-width-medium:100%;--awb-order-medium:0;--awb-spacing-right-medium:1.92%;--awb-spacing-left-medium:1.92%;--awb-width-small:100%;--awb-order-small:0;--awb-spacing-right-small:1.92%;--awb-spacing-left-small:1.92%;\"><div class=\"fusion-column-wrapper fusion-column-has-shadow fusion-flex-justify-content-flex-start fusion-content-layout-column\"><div class=\"fusion-title title fusion-title-1 fusion-sep-none fusion-title-text fusion-title-size-three\"><h3 class=\"fusion-title-heading title-heading-left\" style=\"margin:0;\">Privacy Policy<\/h3><\/div><div class=\"fusion-separator fusion-full-width-sep\" style=\"align-self: center;margin-left: auto;margin-right: auto;width:100%;\"><div class=\"fusion-separator-border sep-single sep-solid\" style=\"--awb-height:20px;--awb-amount:20px;border-color:var(--awb-color3);border-top-width:1px;\"><\/div><\/div><div class=\"fusion-text fusion-text-1\" style=\"--awb-margin-top:10px;\"><div class=\"grid\">\n<div class=\"uk-container rev uk-margin-medium-top uk-margin-medium-bottom\">\n<div class=\"uk-grid-medium uk-grid uk-grid-stack\">\n<div class=\"uk-width-1-1 article uk-first-column\">\n<div class=\"text\" data-sr-id=\"3\">Wir verarbeiten Ihre Daten ausschlie\u00dflich auf Grundlage der gesetzlichen Bestimmungen (DSGVO, TKG 2003). In diesen Datenschutzinformationen informieren wir Sie \u00fcber die wichtigsten Aspekte der Datenverarbeitung im Rahmen unserer Website.<\/div>\n<\/div>\n<\/div>\n<\/div>\n<\/div>\n<div class=\"grid\">\n<div class=\"uk-container rev uk-margin-medium-top uk-margin-medium-bottom\">\n<div class=\"uk-grid-medium uk-grid uk-grid-stack\">\n<div class=\"uk-width-1-1 article uk-first-column\">&nbsp;<\/div>\n<\/div>\n<\/div>\n<\/div>\n<\/div><div class=\"fusion-separator fusion-full-width-sep\" style=\"align-self: center;margin-left: auto;margin-right: auto;width:100%;\"><div class=\"fusion-separator-border sep-single sep-solid\" style=\"--awb-height:20px;--awb-amount:20px;border-color:var(--awb-color3);border-top-width:1px;\"><\/div><\/div><div class=\"fusion-text fusion-text-2\"><div class=\"grid\">\n<div class=\"uk-container rev uk-margin-medium-top uk-margin-medium-bottom\">\n<div class=\"uk-grid-medium uk-grid uk-grid-stack\">\n<div class=\"uk-width-1-1 article uk-first-column\">\n<div class=\"text\" data-sr-id=\"3\">Wenn Sie uns per E-Mail kontaktieren, werden Ihre angegebenen Daten zwecks Bearbeitung der Anfrage und f\u00fcr den Fall von Anschlussfragen sechs Monate bei uns gespeichert. Diese Daten geben wir nicht ohne Ihre Einwilligung weiter. Dies gilt auch f\u00fcr die Datenerhebung f\u00fcr eine Tischreservierung auf der Seite.<\/div>\n<\/div>\n<div data-sr-id=\"3\">Zu Ihrer und unserer Sicherheit wird das Lokal Video\u00fcberwacht. F\u00fcr mehr Informationen wenden Sie sich bitte an office@h\u00fcftgold.at.<\/div>\n<\/div>\n<\/div>\n<\/div>\n<\/div><\/div><\/div><\/div><\/div>","protected":false},"excerpt":{"rendered":"","protected":false},"author":1,"featured_media":0,"parent":0,"menu_order":0,"comment_status":"closed","ping_status":"closed","template":"100-width.php","meta":{"_monsterinsights_skip_tracking":false,"_monsterinsights_sitenote_active":false,"_monsterinsights_sitenote_note":"","_monsterinsights_sitenote_category":0,"footnotes":""},"class_list":["post-144","page","type-page","status-publish","hentry"],"aioseo_notices":[],"_links":{"self":[{"href":"https:\/\/xn--hftgold-n2a.at\/en\/wp-json\/wp\/v2\/pages\/144","targetHints":{"allow":["GET"]}}],"collection":[{"href":"https:\/\/xn--hftgold-n2a.at\/en\/wp-json\/wp\/v2\/pages"}],"about":[{"href":"https:\/\/xn--hftgold-n2a.at\/en\/wp-json\/wp\/v2\/types\/page"}],"author":[{"embeddable":true,"href":"https:\/\/xn--hftgold-n2a.at\/en\/wp-json\/wp\/v2\/users\/1"}],"replies":[{"embeddable":true,"href":"https:\/\/xn--hftgold-n2a.at\/en\/wp-json\/wp\/v2\/comments?post=144"}],"version-history":[{"count":3,"href":"https:\/\/xn--hftgold-n2a.at\/en\/wp-json\/wp\/v2\/pages\/144\/revisions"}],"predecessor-version":[{"id":381,"href":"https:\/\/xn--hftgold-n2a.at\/en\/wp-json\/wp\/v2\/pages\/144\/revisions\/381"}],"wp:attachment":[{"href":"https:\/\/xn--hftgold-n2a.at\/en\/wp-json\/wp\/v2\/media?parent=144"}],"curies":[{"name":"wp","href":"https:\/\/api.w.org\/{rel}","templated":true}]}}