{"id":264,"date":"2024-01-01T18:28:32","date_gmt":"2024-01-01T17:28:32","guid":{"rendered":"https:\/\/xn--hftgold-n2a.at\/?page_id=264"},"modified":"2025-10-13T09:08:12","modified_gmt":"2025-10-13T07:08:12","slug":"breakfast","status":"publish","type":"page","link":"https:\/\/xn--hftgold-n2a.at\/en\/genusskarte\/breakfast\/","title":{"rendered":"Breakfast"},"content":{"rendered":"<p><div class=\"fusion-fullwidth fullwidth-box fusion-builder-row-1 fusion-flex-container has-pattern-background has-mask-background nonhundred-percent-fullwidth non-hundred-percent-height-scrolling\" style=\"--awb-border-radius-top-left:0px;--awb-border-radius-top-right:0px;--awb-border-radius-bottom-right:0px;--awb-border-radius-bottom-left:0px;--awb-flex-wrap:wrap;\" ><div class=\"fusion-builder-row fusion-row fusion-flex-align-items-flex-start fusion-flex-content-wrap\" style=\"max-width:1248px;margin-left: calc(-4% \/ 2 );margin-right: calc(-4% \/ 2 );\"><div class=\"fusion-layout-column fusion_builder_column fusion-builder-column-0 fusion_builder_column_1_1 1_1 fusion-flex-column\" style=\"--awb-overflow:hidden;--awb-bg-color:rgba(255,255,255,0.16);--awb-bg-color-hover:rgba(255,255,255,0.16);--awb-bg-image:url(&#039;https:\/\/xn--hftgold-n2a.at\/wp-content\/uploads\/2024\/01\/seamless-pattern-of-breakfast-menu-set-background-vector-scaled.jpg&#039;);--awb-bg-position:center center;--awb-bg-blend:color;--awb-bg-repeat:repeat;--awb-bg-size:contain;--awb-border-radius:15px 15px 15px 15px;--awb-width-large:100%;--awb-margin-top-large:0px;--awb-spacing-right-large:1.92%;--awb-margin-bottom-large:20px;--awb-spacing-left-large:1.92%;--awb-width-medium:100%;--awb-order-medium:0;--awb-spacing-right-medium:1.92%;--awb-spacing-left-medium:1.92%;--awb-width-small:100%;--awb-order-small:0;--awb-spacing-right-small:1.92%;--awb-spacing-left-small:1.92%;\"><div class=\"fusion-column-wrapper fusion-column-has-shadow fusion-flex-justify-content-flex-start fusion-content-layout-column fusion-column-has-bg-image\" data-bg-url=\"https:\/\/xn--hftgold-n2a.at\/wp-content\/uploads\/2024\/01\/seamless-pattern-of-breakfast-menu-set-background-vector-scaled.jpg\"><div class=\"fusion-title title fusion-title-1 fusion-sep-none fusion-title-center fusion-title-text fusion-title-size-one\" style=\"--awb-text-color:#2d2d2d;\"><h1 class=\"fusion-title-heading title-heading-center\" style=\"margin:0;\">Breakfast<\/h1><\/div><\/div><\/div><div class=\"fusion-layout-column fusion_builder_column fusion-builder-column-1 fusion_builder_column_1_1 1_1 fusion-flex-column\" style=\"--awb-overflow:hidden;--awb-bg-color:rgba(255,255,255,0.16);--awb-bg-color-hover:rgba(255,255,255,0.16);--awb-bg-position:center center;--awb-bg-blend:color;--awb-bg-repeat:repeat;--awb-bg-size:contain;--awb-border-radius:15px 15px 15px 15px;--awb-width-large:100%;--awb-margin-top-large:0px;--awb-spacing-right-large:1.92%;--awb-margin-bottom-large:20px;--awb-spacing-left-large:1.92%;--awb-width-medium:100%;--awb-order-medium:0;--awb-spacing-right-medium:1.92%;--awb-spacing-left-medium:1.92%;--awb-width-small:100%;--awb-order-small:0;--awb-spacing-right-small:1.92%;--awb-spacing-left-small:1.92%;\"><div class=\"fusion-column-wrapper fusion-column-has-shadow fusion-flex-justify-content-flex-start fusion-content-layout-column\"><div class=\"fusion-title title fusion-title-2 fusion-sep-none fusion-title-text fusion-title-size-five\" style=\"--awb-margin-bottom:8px;\"><h5 class=\"fusion-title-heading title-heading-left\" style=\"margin:0;\">MO-DO <span style=\"color: var(--awb-color4);\">8<\/span><sup><span style=\"color: var(--awb-color4); font-size: 14.666px;\" data-fusion-font=\"true\">30 <\/span><\/sup><span style=\"color: var(--awb-color4);\">&#8211; 14<\/span><sup><span style=\"color: var(--awb-color4); font-size: 14.666px;\" data-fusion-font=\"true\">00 <\/span><\/sup> FR-SA <span style=\"color: var(--awb-color4);\">8<\/span><sup><span style=\"color: var(--awb-color4); font-size: 14.666px;\" data-fusion-font=\"true\">00 <\/span><\/sup><span style=\"color: var(--awb-color4);\">&#8211; 14<\/span><sup><span style=\"color: var(--awb-color4); font-size: 14.666px;\" data-fusion-font=\"true\">00 <\/span><\/sup><\/h5><\/div><div class=\"fusion-separator fusion-full-width-sep\" style=\"align-self: center;margin-left: auto;margin-right: auto;width:100%;\"><div class=\"fusion-separator-border sep-single sep-solid\" style=\"--awb-height:20px;--awb-amount:20px;border-color:var(--awb-color3);border-top-width:1px;\"><\/div><\/div><\/div><\/div><\/div><\/div><div class=\"fusion-fullwidth fullwidth-box fusion-builder-row-2 fusion-flex-container has-pattern-background has-mask-background nonhundred-percent-fullwidth non-hundred-percent-height-scrolling\" style=\"--awb-border-radius-top-left:0px;--awb-border-radius-top-right:0px;--awb-border-radius-bottom-right:0px;--awb-border-radius-bottom-left:0px;--awb-flex-wrap:wrap;\" ><div class=\"fusion-builder-row fusion-row fusion-flex-align-items-flex-start fusion-flex-content-wrap\" style=\"max-width:1248px;margin-left: calc(-4% \/ 2 );margin-right: calc(-4% \/ 2 );\"><div class=\"fusion-layout-column fusion_builder_column fusion-builder-column-2 fusion_builder_column_1_3 1_3 fusion-flex-column\" style=\"--awb-bg-size:cover;--awb-width-large:33.333333333333%;--awb-margin-top-large:0px;--awb-spacing-right-large:5.76%;--awb-margin-bottom-large:20px;--awb-spacing-left-large:5.76%;--awb-width-medium:33.333333333333%;--awb-order-medium:0;--awb-spacing-right-medium:5.76%;--awb-spacing-left-medium:5.76%;--awb-width-small:100%;--awb-order-small:0;--awb-spacing-right-small:1.92%;--awb-spacing-left-small:1.92%;\"><div class=\"fusion-column-wrapper fusion-column-has-shadow fusion-flex-justify-content-flex-start fusion-content-layout-column\"><div class=\"fusion-title title fusion-title-3 fusion-sep-none fusion-title-text fusion-title-size-five\"><h5 class=\"fusion-title-heading title-heading-left\" style=\"margin:0;\">Egg Benedict &#8211; 12.50\u20ac<\/h5><\/div><div class=\"fusion-text fusion-text-1\" style=\"--awb-line-height:1.5;\"><p>2 pochierte Eier auf Toast, Schinken, Sauce Hollandaise und Gr\u00fcnzeug<\/p>\n<\/div><div class=\"fusion-title title fusion-title-4 fusion-sep-none fusion-title-text fusion-title-size-five\"><h5 class=\"fusion-title-heading title-heading-left\" style=\"margin:0;\">Eggs Royale &#8211; 13.50\u20ac<\/h5><\/div><div class=\"fusion-text fusion-text-2\" style=\"--awb-line-height:1.5;\"><p>2 pochierte Eier auf Toast, R\u00e4ucherlinks, Sauce Hollandaise und Gr\u00fcnzeug<\/p>\n<\/div><div class=\"fusion-title title fusion-title-5 fusion-sep-none fusion-title-text fusion-title-size-five\"><h5 class=\"fusion-title-heading title-heading-left\" style=\"margin:0;\">Pancakes &#8211; 8.50\u20ac<\/h5><\/div><div class=\"fusion-text fusion-text-3\" style=\"--awb-line-height:1.5;\"><p>Frisches Beeren, Schokosauce<\/p>\n<\/div><div class=\"fusion-title title fusion-title-6 fusion-sep-none fusion-title-text fusion-title-size-five\"><h5 class=\"fusion-title-heading title-heading-left\" style=\"margin:0;\">Brioche Buns &#8211; 9.80\u20ac<\/h5><\/div><div class=\"fusion-text fusion-text-4\" style=\"--awb-line-height:1.5;\"><p>Lachs, Schinken oder Speck + Spiegelei mit Gr\u00fcnzeug<\/p>\n<\/div><div class=\"fusion-title title fusion-title-7 fusion-sep-none fusion-title-text fusion-title-size-five\"><h5 class=\"fusion-title-heading title-heading-left\" style=\"margin:0;\">Das kleine Feine &#8211; 6.80\u20ac<\/h5><\/div><div class=\"fusion-text fusion-text-5\" style=\"--awb-line-height:1.5;\"><p>Ein weiches Ei, Butter, Marmelade + Geb\u00e4ckkorb<\/p>\n<\/div><\/div><\/div><div class=\"fusion-layout-column fusion_builder_column fusion-builder-column-3 fusion_builder_column_1_3 1_3 fusion-flex-column\" style=\"--awb-bg-size:cover;--awb-width-large:33.333333333333%;--awb-margin-top-large:0px;--awb-spacing-right-large:5.76%;--awb-margin-bottom-large:20px;--awb-spacing-left-large:5.76%;--awb-width-medium:33.333333333333%;--awb-order-medium:0;--awb-spacing-right-medium:5.76%;--awb-spacing-left-medium:5.76%;--awb-width-small:100%;--awb-order-small:0;--awb-spacing-right-small:1.92%;--awb-spacing-left-small:1.92%;\"><div class=\"fusion-column-wrapper fusion-column-has-shadow fusion-flex-justify-content-flex-start fusion-content-layout-column\"><div class=\"fusion-title title fusion-title-8 fusion-sep-none fusion-title-text fusion-title-size-five\"><h5 class=\"fusion-title-heading title-heading-left\" style=\"margin:0;\">H\u00fcftgold Single &#8211; 9.80\u20ac<\/h5><\/div><div class=\"fusion-text fusion-text-6\" style=\"--awb-line-height:1.5;\"><p>Soft egg, ham, cheese, salami, butter, jam, pastry basket<\/p>\n<\/div><div class=\"fusion-title title fusion-title-9 fusion-sep-none fusion-title-text fusion-title-size-five\" style=\"--awb-margin-bottom:8px;\"><h5 class=\"fusion-title-heading title-heading-left\" style=\"margin:0;\">H\u00fcftgold Double &#8211; 26.90\u20ac<\/h5><\/div><div class=\"fusion-text fusion-text-7\" style=\"--awb-line-height:1.5;\"><p>2 weiche Eier, Schinken, K\u00e4se, Salami, Lachs, Butter, Marmelade, Bircher M\u00fcsli, Obst und Gr\u00fcnzeug<\/p>\n<\/div><div class=\"fusion-title title fusion-title-10 fusion-sep-none fusion-title-text fusion-title-size-five\"><h5 class=\"fusion-title-heading title-heading-left\" style=\"margin:0;\">H\u00fcftgold Cheese &#8211; 10.80\u20ac<\/h5><\/div><div class=\"fusion-text fusion-text-8\" style=\"--awb-line-height:1.5;\"><p>Cheese variation, butter, nuts, pastry basket<\/p>\n<\/div><div class=\"fusion-title title fusion-title-11 fusion-sep-none fusion-title-text fusion-title-size-five\"><h5 class=\"fusion-title-heading title-heading-left\" style=\"margin:0;\">Der belegte Kornspitz &#8211; 6.80\u20ac<\/h5><\/div><div class=\"fusion-text fusion-text-9\" style=\"--awb-line-height:1.5;\"><p>Kornspitz mit Schinken, K\u00e4se und Gr\u00fcnzeug<\/p>\n<\/div><div class=\"fusion-title title fusion-title-12 fusion-sep-none fusion-title-text fusion-title-size-five\" style=\"--awb-margin-bottom:8px;\"><h5 class=\"fusion-title-heading title-heading-left\" style=\"margin:0;\">Der Steirer &#8211; 10.80\u20ac<\/h5><\/div><div class=\"fusion-text fusion-text-10\" style=\"--awb-line-height:1.5;\"><p>Getoastetes Schwarzbrot, Roast Beef, Spiegelei, Kern\u00f6l und Gr\u00fcnzeug<\/p>\n<\/div><div class=\"fusion-title title fusion-title-13 fusion-sep-none fusion-title-text fusion-title-size-five\" style=\"--awb-margin-bottom:8px;\"><h5 class=\"fusion-title-heading title-heading-left\" style=\"margin:0;\">Avocado Brot &#8211; 10.20\u20ac<\/h5><\/div><div class=\"fusion-text fusion-text-11\"><p>Getoastetes Schwarzbrot, Avocadocreme, pochiertes Ei und Gr\u00fcnzeug<\/p>\n<\/div><\/div><\/div><div class=\"fusion-layout-column fusion_builder_column fusion-builder-column-4 fusion_builder_column_1_3 1_3 fusion-flex-column\" style=\"--awb-bg-size:cover;--awb-width-large:33.333333333333%;--awb-margin-top-large:0px;--awb-spacing-right-large:5.76%;--awb-margin-bottom-large:20px;--awb-spacing-left-large:5.76%;--awb-width-medium:33.333333333333%;--awb-order-medium:0;--awb-spacing-right-medium:5.76%;--awb-spacing-left-medium:5.76%;--awb-width-small:100%;--awb-order-small:0;--awb-spacing-right-small:1.92%;--awb-spacing-left-small:1.92%;\"><div class=\"fusion-column-wrapper fusion-column-has-shadow fusion-flex-justify-content-flex-start fusion-content-layout-column\"><div class=\"fusion-title title fusion-title-14 fusion-sep-none fusion-title-text fusion-title-size-five\" style=\"--awb-margin-bottom:8px;\"><h5 class=\"fusion-title-heading title-heading-left\" style=\"margin:0;\">Avocado Cheese &#8211; 10.80\u20ac<\/h5><\/div><div class=\"fusion-text fusion-text-12\"><p>Getoastetes Schwarzbrot, Cottage Cheese, Avocadost\u00fccke, ein weiches Ei und Gr\u00fcnzeug<\/p>\n<\/div><div class=\"fusion-title title fusion-title-15 fusion-sep-none fusion-title-text fusion-title-size-five\" style=\"--awb-margin-bottom:8px;\"><h5 class=\"fusion-title-heading title-heading-left\" style=\"margin:0;\">Moments of Paris &#8211; 9.20\u20ac<\/h5><\/div><div class=\"fusion-text fusion-text-13\" style=\"--awb-line-height:1.5;\"><p>Laugencrossaint lecker gef\u00fcllt mit Eierspeis + Gr\u00fcnzeug<br \/><b>Upgrades f\u00fcr Genie\u00dfer: <\/b><br \/><span style=\"color: var(--awb-text-color); font-family: var(--awb-text-font-family); font-size: var(--awb-font-size); font-style: var(--awb-text-font-style); font-weight: var(--awb-text-font-weight); letter-spacing: var(--awb-letter-spacing); text-align: var(--awb-content-alignment); text-transform: var(--awb-text-transform); background-color: var(--awb-bg-color-small-hover);\">Schinken oder Speck +1.80\u20ac<br \/>Lachs +2.10\u20ac<br \/>Tomaten +1.40\u20ac<br \/>Kern\u00f6l +1.60\u20ac<\/span><\/p>\n<\/div><div class=\"fusion-title title fusion-title-16 fusion-sep-none fusion-title-text fusion-title-size-five\" style=\"--awb-margin-bottom:8px;\"><h5 class=\"fusion-title-heading title-heading-left\" style=\"margin:0;\">H\u00fcftgold Spezial &#8211; 10.20\u20ac<\/h5><\/div><div class=\"fusion-text fusion-text-14\"><p>Eierspeis auf getoastetem Schwarzbrot, Avocadost\u00fccke, Sauce Hollandaise, Gr\u00fcnzeug<br \/><b>Upgrades f\u00fcr Genie\u00dfer:<\/b><br \/>Speck oder Speck +1.80\u20ac<br \/>Lachs +2.10\u20ac<br \/>Tomaten +1.40\u20ac<br \/>Kern\u00f6l +1.60\u20ac<\/p>\n<\/div><div class=\"fusion-title title fusion-title-17 fusion-sep-none fusion-title-text fusion-title-size-five\" style=\"--awb-margin-bottom:8px;\"><h5 class=\"fusion-title-heading title-heading-left\" style=\"margin:0;\">Rustikal Style &#8211; 10.20\u20ac<\/h5><\/div><div class=\"fusion-text fusion-text-15\"><p>3 fried eggs with ham or bacon, bread<\/p>\n<\/div><div class=\"fusion-title title fusion-title-18 fusion-sep-none fusion-title-text fusion-title-size-five\" style=\"--awb-margin-bottom:8px;\"><h5 class=\"fusion-title-heading title-heading-left\" style=\"margin:0;\">Bircher M\u00fcsli &#8211; 7.50\u20ac<\/h5><\/div><div class=\"fusion-text fusion-text-16\"><p>Mit frischen Fr\u00fcchten der Saison + Joghurt verfeinert, optional mit Hafermilch (vegan)<\/p>\n<\/div><div class=\"fusion-title title fusion-title-19 fusion-sep-none fusion-title-text fusion-title-size-five\" style=\"--awb-margin-bottom:8px;\"><h5 class=\"fusion-title-heading title-heading-left\" style=\"margin:0;\">Eierspeis geht immer &#8211; 8.50\u20ac<\/h5><\/div><div class=\"fusion-text fusion-text-17\"><p>3 Eier, Butter und Schwarzbrot<br \/>Mit Kern\u00f6l +1.60\u20ac<\/p>\n<\/div><div class=\"fusion-title title fusion-title-20 fusion-sep-none fusion-title-text fusion-title-size-five\" style=\"--awb-margin-bottom:8px;\"><h5 class=\"fusion-title-heading title-heading-left\" style=\"margin:0;\">F\u00fcr den kleinen Hunger<\/h5><\/div><div class=\"fusion-text fusion-text-18\"><p>Buttersemmel, Butterbrot mit Schnittlauch, Croissant &#8230; Klar haben wir!<\/p>\n<\/div><div class=\"fusion-title title fusion-title-21 fusion-sep-none fusion-title-text fusion-title-size-five\" style=\"--awb-margin-bottom:8px;\"><h5 class=\"fusion-title-heading title-heading-left\" style=\"margin:0;\">Glutenfreie Semmel &#8211; 2.10\u20ac<\/h5><\/div><\/div><\/div><\/div><\/div><\/p>","protected":false},"excerpt":{"rendered":"","protected":false},"author":1,"featured_media":0,"parent":60,"menu_order":0,"comment_status":"closed","ping_status":"closed","template":"100-width.php","meta":{"_monsterinsights_skip_tracking":false,"_monsterinsights_sitenote_active":false,"_monsterinsights_sitenote_note":"","_monsterinsights_sitenote_category":0,"footnotes":""},"class_list":["post-264","page","type-page","status-publish","hentry"],"aioseo_notices":[],"_links":{"self":[{"href":"https:\/\/xn--hftgold-n2a.at\/en\/wp-json\/wp\/v2\/pages\/264","targetHints":{"allow":["GET"]}}],"collection":[{"href":"https:\/\/xn--hftgold-n2a.at\/en\/wp-json\/wp\/v2\/pages"}],"about":[{"href":"https:\/\/xn--hftgold-n2a.at\/en\/wp-json\/wp\/v2\/types\/page"}],"author":[{"embeddable":true,"href":"https:\/\/xn--hftgold-n2a.at\/en\/wp-json\/wp\/v2\/users\/1"}],"replies":[{"embeddable":true,"href":"https:\/\/xn--hftgold-n2a.at\/en\/wp-json\/wp\/v2\/comments?post=264"}],"version-history":[{"count":14,"href":"https:\/\/xn--hftgold-n2a.at\/en\/wp-json\/wp\/v2\/pages\/264\/revisions"}],"predecessor-version":[{"id":470,"href":"https:\/\/xn--hftgold-n2a.at\/en\/wp-json\/wp\/v2\/pages\/264\/revisions\/470"}],"up":[{"embeddable":true,"href":"https:\/\/xn--hftgold-n2a.at\/en\/wp-json\/wp\/v2\/pages\/60"}],"wp:attachment":[{"href":"https:\/\/xn--hftgold-n2a.at\/en\/wp-json\/wp\/v2\/media?parent=264"}],"curies":[{"name":"wp","href":"https:\/\/api.w.org\/{rel}","templated":true}]}}